{"id":39,"date":"2016-10-03T18:35:38","date_gmt":"2016-10-03T18:35:38","guid":{"rendered":"http:\/\/www.gusi.es\/?page_id=39"},"modified":"2025-06-18T15:44:25","modified_gmt":"2025-06-18T15:44:25","slug":"presentacion","status":"publish","type":"page","link":"https:\/\/www.gusi.gal\/es\/","title":{"rendered":"Presentaci\u00f3n"},"content":{"rendered":"<p><img loading=\"lazy\" decoding=\"async\" class=\" wp-image-91 alignleft\" src=\"http:\/\/www.gusi.gal\/wp-content\/uploads\/2016\/10\/SoloCachola-3.png\" alt=\"solocachola\" width=\"163\" height=\"186\" \/>Gusi Domarco Servicios Inform\u00e1ticos es un nuevo proyecto de empresa de servicios que nace de la <strong>experiencia de mas de 25 a\u00f1os al servicio de las Pymes<\/strong>, de diversos Ayuntamientos y de la Administraci\u00f3n Auton\u00f3mica.<\/p>\n<p>Es este tiempo hemos aprendido lo beneficioso que resulta para el usuario final de sistemas inform\u00e1ticos<strong> tener a un t\u00e9cnico al otro lado del tel\u00e9fono para resolver sus dudas<\/strong>, reconfigurar sus equipos o bien realizar las reparaciones necesarias.<\/p>\n<p>Tambien sabemos que el cliente empresarial prefiere <strong>dejar en manos de un profesional<\/strong> el dise\u00f1o de sus redes de comunicaciones y de la infraestructura inform\u00e1tica de su empresa, desde la conexi\u00f3n a internet, pasando por los equipos servidores, puestos de trabajo y sistemas de impresi\u00f3n.<\/p>\n<p>Podemos ofrecer una diversidad de servicios aparte de la venta y reparaci\u00f3n de equipos inform\u00e1ticos, como es la<strong> programaci\u00f3n a medida, el dise\u00f1o y alojamiento web y la elaboraci\u00f3n de planes de adaptaci\u00f3n a la L.O.P.D<\/strong>. ( Ley org\u00e1nica de protecci\u00f3n de datos personales )<\/p>\n<p>Lo animamos a que contacte con nosostros y nos exponga sus necesidades. \u00a0<strong>Estaremos encantados de atenderlo.<\/strong><\/p>\n","protected":false},"excerpt":{"rendered":"<p>Gusi Domarco Servicios Inform\u00e1ticos es un nuevo proyecto de empresa de servicios que nace de la experiencia de mas de 25 a\u00f1os al servicio de las Pymes, de diversos Ayuntamientos y de la Administraci\u00f3n Auton\u00f3mica. Es este tiempo hemos aprendido lo beneficioso que resulta para el usuario final de sistemas inform\u00e1ticos tener a un t\u00e9cnico<a class=\"moretag\" href=\"https:\/\/www.gusi.gal\/es\/\"><span class=\"screen-reader-text\">Leer m\u00e1s sobre Presentaci\u00f3n<\/span>[&#8230;]<\/a><\/p>\n","protected":false},"author":1,"featured_media":0,"parent":0,"menu_order":0,"comment_status":"closed","ping_status":"closed","template":"","meta":{"footnotes":""},"class_list":["post-39","page","type-page","status-publish","hentry"],"translation":{"provider":"WPGlobus","version":"2.8.11","language":"es","enabled_languages":["gl","es"],"languages":{"gl":{"title":true,"content":true,"excerpt":false},"es":{"title":false,"content":true,"excerpt":false}}},"_links":{"self":[{"href":"https:\/\/www.gusi.gal\/es\/wp-json\/wp\/v2\/pages\/39","targetHints":{"allow":["GET"]}}],"collection":[{"href":"https:\/\/www.gusi.gal\/es\/wp-json\/wp\/v2\/pages"}],"about":[{"href":"https:\/\/www.gusi.gal\/es\/wp-json\/wp\/v2\/types\/page"}],"author":[{"embeddable":true,"href":"https:\/\/www.gusi.gal\/es\/wp-json\/wp\/v2\/users\/1"}],"replies":[{"embeddable":true,"href":"https:\/\/www.gusi.gal\/es\/wp-json\/wp\/v2\/comments?post=39"}],"version-history":[{"count":29,"href":"https:\/\/www.gusi.gal\/es\/wp-json\/wp\/v2\/pages\/39\/revisions"}],"predecessor-version":[{"id":516,"href":"https:\/\/www.gusi.gal\/es\/wp-json\/wp\/v2\/pages\/39\/revisions\/516"}],"wp:attachment":[{"href":"https:\/\/www.gusi.gal\/es\/wp-json\/wp\/v2\/media?parent=39"}],"curies":[{"name":"wp","href":"https:\/\/api.w.org\/{rel}","templated":true}]}}