{"id":272,"date":"2021-08-01T12:33:47","date_gmt":"2021-08-01T12:33:47","guid":{"rendered":"https:\/\/www.gusi.gal\/?page_id=272"},"modified":"2023-03-20T09:38:34","modified_gmt":"2023-03-20T09:38:34","slug":"fibra","status":"publish","type":"page","link":"https:\/\/www.gusi.gal\/es\/fibra\/","title":{"rendered":"Fibra \u00f3ptica en Allariz"},"content":{"rendered":"\t\t<div data-elementor-type=\"wp-page\" data-elementor-id=\"272\" class=\"elementor elementor-272\" data-elementor-settings=\"[]\">\n\t\t\t\t\t\t<div class=\"elementor-inner\">\n\t\t\t\t\t\t\t<div class=\"elementor-section-wrap\">\n\t\t\t\t\t\t\t<section class=\"elementor-section elementor-top-section elementor-element elementor-element-f906b11 elementor-section-boxed elementor-section-height-default elementor-section-height-default\" data-id=\"f906b11\" data-element_type=\"section\">\n\t\t\t\t\t\t<div class=\"elementor-container elementor-column-gap-default\">\n\t\t\t\t\t\t\t<div class=\"elementor-row\">\n\t\t\t\t\t<div class=\"elementor-column elementor-col-100 elementor-top-column elementor-element elementor-element-0b3f18c\" data-id=\"0b3f18c\" data-element_type=\"column\">\n\t\t\t<div class=\"elementor-column-wrap elementor-element-populated\">\n\t\t\t\t\t\t\t<div class=\"elementor-widget-wrap\">\n\t\t\t\t\t\t<div class=\"elementor-element elementor-element-de709a5 elementor-widget elementor-widget-text-editor\" data-id=\"de709a5\" data-element_type=\"widget\" data-widget_type=\"text-editor.default\">\n\t\t\t\t<div class=\"elementor-widget-container\">\n\t\t\t\t\t\t\t\t<div class=\"elementor-text-editor elementor-clearfix\">\n\t\t\t\t<p>En Allariz somos<strong style=\"font-family: var( --e-global-typography-text-font-family ), Sans-serif;\">&nbsp;distribuidores ofici\u00e1is da fibra \u00f3ptica de ITS, operador galego de telecomunicaci\u00f3ns.<br>Traballamos, igual que outros operadores, sobre a fibra de REDE ABERTA. Onde vexas unha caixa rotulada con este anagrama podemos darche servizo:<\/strong><\/p>\n<p><strong style=\"font-family: var( --e-global-typography-text-font-family ), Sans-serif;\"> <img loading=\"lazy\" decoding=\"async\" class=\"wp-image-373 alignleft\" src=\"https:\/\/www.gusi.gal\/wp-content\/uploads\/2022\/12\/LogoRedeAbertac.jpg\" alt=\"\" width=\"129\" height=\"115\"><\/strong><\/p>\n<ul>\n<li>Fibra \u00f3ptica de <strong>100 Mb. a 600 Mb.<\/strong><\/li>\n<li><strong>Telefon\u00eda Fixa<\/strong> (conservando o seu n\u00famero actual)<\/li>\n<li><strong>Telefon\u00eda M\u00f3bil<\/strong> (tam\u00e9n conservando o seu n\u00famero actual)<\/li>\n<li>Televisi\u00f3n por cable<\/li>\n<li><strong>Wimax<\/strong> (internet por radio para zonas onde non chega a fibra)<\/li>\n<\/ul><div><b>Tam\u00e9n traballamos sobre outras fibras como as de Movistar ou R, <\/b>ofrec\u00e9ndoche o noso servicio e encarg\u00e1ndonos de todo (instalaci\u00f3n, portabilidade, &#8230;)<br><br><\/div>\n<p>Cons\u00faltanos as diferentes opci\u00f3ns cham\u00e1ndonos ao tel\u00e9fono: <strong>988049440<\/strong> e informar\u00e9moste da que mellor se adapta ao teu negocio ou fogar.<\/p>\t\t\t\t\t<\/div>\n\t\t\t\t\t\t<\/div>\n\t\t\t\t<\/div>\n\t\t\t\t\t\t<\/div>\n\t\t\t\t\t<\/div>\n\t\t<\/div>\n\t\t\t\t\t\t\t\t<\/div>\n\t\t\t\t\t<\/div>\n\t\t<\/section>\n\t\t\t\t<section class=\"elementor-section elementor-top-section elementor-element elementor-element-518f3b0 elementor-section-boxed elementor-section-height-default elementor-section-height-default\" data-id=\"518f3b0\" data-element_type=\"section\">\n\t\t\t\t\t\t<div class=\"elementor-container elementor-column-gap-default\">\n\t\t\t\t\t\t\t<div class=\"elementor-row\">\n\t\t\t\t\t<div class=\"elementor-column elementor-col-100 elementor-top-column elementor-element elementor-element-76e3adf\" data-id=\"76e3adf\" data-element_type=\"column\">\n\t\t\t<div class=\"elementor-column-wrap elementor-element-populated\">\n\t\t\t\t\t\t\t<div class=\"elementor-widget-wrap\">\n\t\t\t\t\t\t<div class=\"elementor-element elementor-element-adcff31 elementor-widget elementor-widget-text-editor\" data-id=\"adcff31\" data-element_type=\"widget\" data-widget_type=\"text-editor.default\">\n\t\t\t\t<div class=\"elementor-widget-container\">\n\t\t\t\t\t\t\t\t<div class=\"elementor-text-editor elementor-clearfix\">\n\t\t\t\t<p><a href=\"https:\/\/www.itsarria.com\/index.php\/servicios\/internet-its\" target=\"_blank\" rel=\"noopener\"><img loading=\"lazy\" decoding=\"async\" class=\"alignnone wp-image-290\" src=\"https:\/\/www.gusi.gal\/wp-content\/uploads\/2021\/08\/LogoITS.jpg\" alt=\"\" width=\"87\" height=\"87\" srcset=\"https:\/\/www.gusi.gal\/wp-content\/uploads\/2021\/08\/LogoITS.jpg 1578w, https:\/\/www.gusi.gal\/wp-content\/uploads\/2021\/08\/LogoITS-300x300.jpg 300w, https:\/\/www.gusi.gal\/wp-content\/uploads\/2021\/08\/LogoITS-1024x1024.jpg 1024w, https:\/\/www.gusi.gal\/wp-content\/uploads\/2021\/08\/LogoITS-150x150.jpg 150w, https:\/\/www.gusi.gal\/wp-content\/uploads\/2021\/08\/LogoITS-768x768.jpg 768w, https:\/\/www.gusi.gal\/wp-content\/uploads\/2021\/08\/LogoITS-1536x1536.jpg 1536w\" sizes=\"auto, (max-width: 87px) 100vw, 87px\" \/><\/a><a style=\"font-family: Cabin, 'Helvetica Neue', sans-serif; font-size: 36px; background-color: #ffffff;\" href=\"https:\/\/its.gal\/\" target=\"_blank\" rel=\"noopener\">Consulta aqui as tarifas de ITS<\/a><\/p>\t\t\t\t\t<\/div>\n\t\t\t\t\t\t<\/div>\n\t\t\t\t<\/div>\n\t\t\t\t\t\t<\/div>\n\t\t\t\t\t<\/div>\n\t\t<\/div>\n\t\t\t\t\t\t\t\t<\/div>\n\t\t\t\t\t<\/div>\n\t\t<\/section>\n\t\t\t\t<section class=\"elementor-section elementor-top-section elementor-element elementor-element-f06c993 elementor-section-boxed elementor-section-height-default elementor-section-height-default\" data-id=\"f06c993\" data-element_type=\"section\">\n\t\t\t\t\t\t<div class=\"elementor-container elementor-column-gap-default\">\n\t\t\t\t\t\t\t<div class=\"elementor-row\">\n\t\t\t\t\t<div class=\"elementor-column elementor-col-100 elementor-top-column elementor-element elementor-element-cd1031e\" data-id=\"cd1031e\" data-element_type=\"column\">\n\t\t\t<div class=\"elementor-column-wrap elementor-element-populated\">\n\t\t\t\t\t\t\t<div class=\"elementor-widget-wrap\">\n\t\t\t\t\t\t<div class=\"elementor-element elementor-element-7e60768 elementor-widget elementor-widget-heading\" data-id=\"7e60768\" data-element_type=\"widget\" data-widget_type=\"heading.default\">\n\t\t\t\t<div class=\"elementor-widget-container\">\n\t\t\t<h2 class=\"elementor-heading-title elementor-size-default\">Consulta aqui o teu enderezo para ver si est\u00e1 dispo\u00f1ible o servicio<\/h2>\t\t<\/div>\n\t\t\t\t<\/div>\n\t\t\t\t\t\t<\/div>\n\t\t\t\t\t<\/div>\n\t\t<\/div>\n\t\t\t\t\t\t\t\t<\/div>\n\t\t\t\t\t<\/div>\n\t\t<\/section>\n\t\t\t\t<section class=\"elementor-section elementor-top-section elementor-element elementor-element-f57dbd9 elementor-section-boxed elementor-section-height-default elementor-section-height-default\" data-id=\"f57dbd9\" data-element_type=\"section\">\n\t\t\t\t\t\t<div class=\"elementor-container elementor-column-gap-default\">\n\t\t\t\t\t\t\t<div class=\"elementor-row\">\n\t\t\t\t\t<div class=\"elementor-column elementor-col-100 elementor-top-column elementor-element elementor-element-711f70e\" data-id=\"711f70e\" data-element_type=\"column\">\n\t\t\t<div class=\"elementor-column-wrap elementor-element-populated\">\n\t\t\t\t\t\t\t<div class=\"elementor-widget-wrap\">\n\t\t\t\t\t\t<div class=\"elementor-element elementor-element-ac51405 elementor-widget elementor-widget-shortcode\" data-id=\"ac51405\" data-element_type=\"widget\" data-widget_type=\"shortcode.default\">\n\t\t\t\t<div class=\"elementor-widget-container\">\n\t\t\t\t\t<div class=\"elementor-shortcode\"> <div id=\"footable_parent_398\"\n     class=\"footable_parent ninja_table_wrapper loading_ninja_table wp_table_data_press_parent semantic_ui \">\n                <table data-ninja_table_instance=\"ninja_table_instance_0\" data-footable_id=\"398\" data-filter-delay=\"1000\" aria-label=\"ImportacionAllariz20-03-2023.csv\"            id=\"footable_398\"\n           data-unique_identifier=\"ninja_table_unique_id_1619675004_398\"\n           class=\" foo-table ninja_footable foo_table_398 ninja_table_unique_id_1619675004_398 ui table  nt_type_ajax_table selectable striped vertical_centered  footable-paging-right\">\n                <colgroup>\n                            <col class=\"ninja_column_0 \">\n                            <col class=\"ninja_column_1 \">\n                            <col class=\"ninja_column_2 \">\n                            <col class=\"ninja_column_3 \">\n                            <col class=\"ninja_column_4 \">\n                            <col class=\"ninja_column_5 \">\n                            <col class=\"ninja_column_6 \">\n                            <col class=\"ninja_column_7 \">\n                    <\/colgroup>\n            <\/table>\n    <style id=\"ninja_table_custom_css_398\" type=\"text\/css\">\n    #footable_398  {\n        font-family: system-ui !important;\n        font-size: 14px !important;\n    }\n\n\n<\/style>\n\n    \n    \n<\/div>\n<\/div>\n\t\t\t\t<\/div>\n\t\t\t\t<\/div>\n\t\t\t\t\t\t<\/div>\n\t\t\t\t\t<\/div>\n\t\t<\/div>\n\t\t\t\t\t\t\t\t<\/div>\n\t\t\t\t\t<\/div>\n\t\t<\/section>\n\t\t\t\t<section class=\"elementor-section elementor-top-section elementor-element elementor-element-f6e696e elementor-section-boxed elementor-section-height-default elementor-section-height-default\" data-id=\"f6e696e\" data-element_type=\"section\">\n\t\t\t\t\t\t<div class=\"elementor-container elementor-column-gap-default\">\n\t\t\t\t\t\t\t<div class=\"elementor-row\">\n\t\t\t\t\t<div class=\"elementor-column elementor-col-100 elementor-top-column elementor-element elementor-element-ace3beb\" data-id=\"ace3beb\" data-element_type=\"column\">\n\t\t\t<div class=\"elementor-column-wrap elementor-element-populated\">\n\t\t\t\t\t\t\t<div class=\"elementor-widget-wrap\">\n\t\t\t\t\t\t<div class=\"elementor-element elementor-element-153fa69 elementor-widget elementor-widget-heading\" data-id=\"153fa69\" data-element_type=\"widget\" data-widget_type=\"heading.default\">\n\t\t\t\t<div class=\"elementor-widget-container\">\n\t\t\t<h2 class=\"elementor-heading-title elementor-size-default\">Comproba aqui a velocidade da tua conexi\u00f3n actual:<\/h2>\t\t<\/div>\n\t\t\t\t<\/div>\n\t\t\t\t\t\t<\/div>\n\t\t\t\t\t<\/div>\n\t\t<\/div>\n\t\t\t\t\t\t\t\t<\/div>\n\t\t\t\t\t<\/div>\n\t\t<\/section>\n\t\t\t\t<section class=\"elementor-section elementor-top-section elementor-element elementor-element-94e56ed elementor-section-boxed elementor-section-height-default elementor-section-height-default\" data-id=\"94e56ed\" data-element_type=\"section\">\n\t\t\t\t\t\t<div class=\"elementor-container elementor-column-gap-default\">\n\t\t\t\t\t\t\t<div class=\"elementor-row\">\n\t\t\t\t\t<div class=\"elementor-column elementor-col-100 elementor-top-column elementor-element elementor-element-563fb02b\" data-id=\"563fb02b\" data-element_type=\"column\">\n\t\t\t<div class=\"elementor-column-wrap elementor-element-populated\">\n\t\t\t\t\t\t\t<div class=\"elementor-widget-wrap\">\n\t\t\t\t\t\t<div class=\"elementor-element elementor-element-7ac5f52c elementor-widget elementor-widget-text-editor\" data-id=\"7ac5f52c\" data-element_type=\"widget\" data-widget_type=\"text-editor.default\">\n\t\t\t\t<div class=\"elementor-widget-container\">\n\t\t\t\t\t\t\t\t<div class=\"elementor-text-editor elementor-clearfix\">\n\t\t\t\t<p>\u00a0<\/p><p><a href=\"https:\/\/www.testdevelocidad.es\" target=\"_blank\" rel=\"noopener noreferrer\"><img loading=\"lazy\" decoding=\"async\" class=\"alignnone size-full wp-image-287\" src=\"https:\/\/www.gusi.gal\/wp-content\/uploads\/2021\/08\/LogoTestVelocidade.jpg\" alt=\"\" width=\"268\" height=\"56\" \/><\/a>\u00a0 \u00a0\u00a0<a style=\"font-family: var( --e-global-typography-text-font-family ), Sans-serif; background-color: #ffffff;\" href=\"https:\/\/www.speedtest.net\" target=\"_blank\" rel=\"noopener noreferrer\"><img loading=\"lazy\" decoding=\"async\" class=\"alignnone wp-image-288\" src=\"https:\/\/www.gusi.gal\/wp-content\/uploads\/2021\/08\/LogoSpeedTest.jpg\" alt=\"\" width=\"225\" height=\"54\" \/><\/a><\/p>\t\t\t\t\t<\/div>\n\t\t\t\t\t\t<\/div>\n\t\t\t\t<\/div>\n\t\t\t\t\t\t<\/div>\n\t\t\t\t\t<\/div>\n\t\t<\/div>\n\t\t\t\t\t\t\t\t<\/div>\n\t\t\t\t\t<\/div>\n\t\t<\/section>\n\t\t\t\t\t\t<\/div>\n\t\t\t\t\t\t<\/div>\n\t\t\t\t\t<\/div>\n\t\t","protected":false},"excerpt":{"rendered":"<p>En Allariz somos&nbsp;distribuidores ofici\u00e1is da fibra \u00f3ptica de ITS, operador galego de telecomunicaci\u00f3ns.Traballamos, igual que outros operadores, sobre a fibra de REDE ABERTA. Onde vexas unha caixa rotulada con este anagrama podemos darche servizo: Fibra \u00f3ptica de 100 Mb. a 600 Mb. Telefon\u00eda Fixa (conservando o seu n\u00famero actual) Telefon\u00eda M\u00f3bil (tam\u00e9n conservando o seu<a class=\"moretag\" href=\"https:\/\/www.gusi.gal\/es\/fibra\/\"><span class=\"screen-reader-text\">Leer m\u00e1s sobre Fibra \u00f3ptica en Allariz<\/span>[&#8230;]<\/a><\/p>\n","protected":false},"author":1,"featured_media":0,"parent":0,"menu_order":0,"comment_status":"closed","ping_status":"closed","template":"","meta":{"footnotes":""},"class_list":["post-272","page","type-page","status-publish","hentry"],"translation":{"provider":"WPGlobus","version":"2.8.11","language":"es","enabled_languages":["gl","es"],"languages":{"gl":{"title":true,"content":true,"excerpt":false},"es":{"title":false,"content":false,"excerpt":false}}},"_links":{"self":[{"href":"https:\/\/www.gusi.gal\/es\/wp-json\/wp\/v2\/pages\/272","targetHints":{"allow":["GET"]}}],"collection":[{"href":"https:\/\/www.gusi.gal\/es\/wp-json\/wp\/v2\/pages"}],"about":[{"href":"https:\/\/www.gusi.gal\/es\/wp-json\/wp\/v2\/types\/page"}],"author":[{"embeddable":true,"href":"https:\/\/www.gusi.gal\/es\/wp-json\/wp\/v2\/users\/1"}],"replies":[{"embeddable":true,"href":"https:\/\/www.gusi.gal\/es\/wp-json\/wp\/v2\/comments?post=272"}],"version-history":[{"count":98,"href":"https:\/\/www.gusi.gal\/es\/wp-json\/wp\/v2\/pages\/272\/revisions"}],"predecessor-version":[{"id":401,"href":"https:\/\/www.gusi.gal\/es\/wp-json\/wp\/v2\/pages\/272\/revisions\/401"}],"wp:attachment":[{"href":"https:\/\/www.gusi.gal\/es\/wp-json\/wp\/v2\/media?parent=272"}],"curies":[{"name":"wp","href":"https:\/\/api.w.org\/{rel}","templated":true}]}}