{"id":18,"date":"2016-09-16T22:06:41","date_gmt":"2016-09-16T22:06:41","guid":{"rendered":"http:\/\/www.gusi.es\/?page_id=18"},"modified":"2020-10-03T20:20:18","modified_gmt":"2020-10-03T20:20:18","slug":"servicios","status":"publish","type":"page","link":"https:\/\/www.gusi.gal\/es\/servicios\/","title":{"rendered":"Servicios"},"content":{"rendered":"<p><strong><br \/>\nPode contar connoscs para que nos fagamos cargo dun xeito integral da sua instalaci\u00f3n inform\u00e1tica.<\/strong><\/p>\n<p><strong>A continuaci\u00f3n, amos\u00e1moslle un peque\u00f1o cat\u00e1logo de alg\u00fans de los servicios que prestamos habitualmente.<\/strong><\/p>\n<p><strong>Si necesita alg\u00fan outro tipo de servicio no dubide en consultar connosco. \u00a0Buscaremolo mellor modo de axudalo ou derivar\u00e9molo, si as\u00ed o desexa, \u00a0a uno dos nosos colaboradores para que reciba atenci\u00f3n especializada.<\/strong><\/p>\n<p><strong><img loading=\"lazy\" decoding=\"async\" class=\"alignnone wp-image-34\" src=\"http:\/\/www.gusi.es\/wp-content\/uploads\/2016\/09\/rede-300x300.jpg\" alt=\"rede\" width=\"70\" height=\"70\" srcset=\"https:\/\/www.gusi.gal\/wp-content\/uploads\/2016\/09\/rede-300x300.jpg 300w, https:\/\/www.gusi.gal\/wp-content\/uploads\/2016\/09\/rede-150x150.jpg 150w, https:\/\/www.gusi.gal\/wp-content\/uploads\/2016\/09\/rede.jpg 626w\" sizes=\"auto, (max-width: 70px) 100vw, 70px\" \/>Instalaci\u00f3n e mantemento integral de sistemas inform\u00e1ticos, servidores, redes, postos de traballo e equipos de impresi\u00f3n y captura de datos.<\/strong><\/p>\n<p><strong><img loading=\"lazy\" decoding=\"async\" class=\"alignnone wp-image-36\" src=\"http:\/\/www.gusi.es\/wp-content\/uploads\/2016\/09\/helpdesk.png\" alt=\"helpdesk\" width=\"70\" height=\"70\" srcset=\"https:\/\/www.gusi.gal\/wp-content\/uploads\/2016\/09\/helpdesk.png 200w, https:\/\/www.gusi.gal\/wp-content\/uploads\/2016\/09\/helpdesk-150x150.png 150w\" sizes=\"auto, (max-width: 70px) 100vw, 70px\" \/>Soporte telef\u00f3nico e soluci\u00f3n de problemas con control remoto a trav\u00e9s de internet.<\/strong><\/p>\n<p><strong><img loading=\"lazy\" decoding=\"async\" class=\"alignnone wp-image-33\" src=\"http:\/\/www.gusi.es\/wp-content\/uploads\/2016\/09\/venta-300x300.png\" alt=\"venta\" width=\"65\" height=\"65\" srcset=\"https:\/\/www.gusi.gal\/wp-content\/uploads\/2016\/09\/venta-300x300.png 300w, https:\/\/www.gusi.gal\/wp-content\/uploads\/2016\/09\/venta-150x150.png 150w, https:\/\/www.gusi.gal\/wp-content\/uploads\/2016\/09\/venta.png 512w\" sizes=\"auto, (max-width: 65px) 100vw, 65px\" \/>Venda de material inform\u00e1tico e consumibles.<\/strong><\/p>\n<p><strong><img loading=\"lazy\" decoding=\"async\" class=\"alignnone wp-image-29\" src=\"http:\/\/www.gusi.es\/wp-content\/uploads\/2016\/09\/mantenimiento-equipos-300x300.png\" alt=\"mantenimiento-equipos\" width=\"69\" height=\"69\" srcset=\"https:\/\/www.gusi.gal\/wp-content\/uploads\/2016\/09\/mantenimiento-equipos-300x300.png 300w, https:\/\/www.gusi.gal\/wp-content\/uploads\/2016\/09\/mantenimiento-equipos-150x150.png 150w, https:\/\/www.gusi.gal\/wp-content\/uploads\/2016\/09\/mantenimiento-equipos.png 512w\" sizes=\"auto, (max-width: 69px) 100vw, 69px\" \/>Reparaci\u00f3n de equipos inform\u00e1ticos\u00a0\u00a0con servicio t\u00e9cnico propio e equipos de sustituci\u00f3n.<\/strong><\/p>\n<p><strong><img loading=\"lazy\" decoding=\"async\" class=\"alignnone wp-image-30\" src=\"http:\/\/www.gusi.es\/wp-content\/uploads\/2016\/09\/programacion-300x300.png\" alt=\"programacion\" width=\"68\" height=\"68\" srcset=\"https:\/\/www.gusi.gal\/wp-content\/uploads\/2016\/09\/programacion-300x300.png 300w, https:\/\/www.gusi.gal\/wp-content\/uploads\/2016\/09\/programacion-150x150.png 150w, https:\/\/www.gusi.gal\/wp-content\/uploads\/2016\/09\/programacion.png 512w\" sizes=\"auto, (max-width: 68px) 100vw, 68px\" \/>An\u00e1lise e programaci\u00f3n a medida en entorno Windows \u00a0e web.<\/strong><\/p>\n","protected":false},"excerpt":{"rendered":"<p>Pode contar connoscs para que nos fagamos cargo dun xeito integral da sua instalaci\u00f3n inform\u00e1tica. A continuaci\u00f3n, amos\u00e1moslle un peque\u00f1o cat\u00e1logo de alg\u00fans de los servicios que prestamos habitualmente. Si necesita alg\u00fan outro tipo de servicio no dubide en consultar connosco. \u00a0Buscaremolo mellor modo de axudalo ou derivar\u00e9molo, si as\u00ed o desexa, \u00a0a uno dos<a class=\"moretag\" href=\"https:\/\/www.gusi.gal\/es\/servicios\/\"><span class=\"screen-reader-text\">Leer m\u00e1s sobre Servicios<\/span>[&#8230;]<\/a><\/p>\n","protected":false},"author":1,"featured_media":0,"parent":0,"menu_order":1,"comment_status":"closed","ping_status":"closed","template":"","meta":{"footnotes":""},"class_list":["post-18","page","type-page","status-publish","hentry"],"translation":{"provider":"WPGlobus","version":"2.8.11","language":"es","enabled_languages":["gl","es"],"languages":{"gl":{"title":true,"content":true,"excerpt":false},"es":{"title":false,"content":false,"excerpt":false}}},"_links":{"self":[{"href":"https:\/\/www.gusi.gal\/es\/wp-json\/wp\/v2\/pages\/18","targetHints":{"allow":["GET"]}}],"collection":[{"href":"https:\/\/www.gusi.gal\/es\/wp-json\/wp\/v2\/pages"}],"about":[{"href":"https:\/\/www.gusi.gal\/es\/wp-json\/wp\/v2\/types\/page"}],"author":[{"embeddable":true,"href":"https:\/\/www.gusi.gal\/es\/wp-json\/wp\/v2\/users\/1"}],"replies":[{"embeddable":true,"href":"https:\/\/www.gusi.gal\/es\/wp-json\/wp\/v2\/comments?post=18"}],"version-history":[{"count":13,"href":"https:\/\/www.gusi.gal\/es\/wp-json\/wp\/v2\/pages\/18\/revisions"}],"predecessor-version":[{"id":178,"href":"https:\/\/www.gusi.gal\/es\/wp-json\/wp\/v2\/pages\/18\/revisions\/178"}],"wp:attachment":[{"href":"https:\/\/www.gusi.gal\/es\/wp-json\/wp\/v2\/media?parent=18"}],"curies":[{"name":"wp","href":"https:\/\/api.w.org\/{rel}","templated":true}]}}